{"id":115,"date":"2019-11-25T22:43:28","date_gmt":"2019-11-25T22:43:28","guid":{"rendered":"https:\/\/kantorjanosi.reformatus.hu\/gyulekezet\/?page_id=115"},"modified":"2019-11-25T22:43:28","modified_gmt":"2019-11-25T22:43:28","slug":"meszaros-janos-elek-koncert","status":"publish","type":"page","link":"https:\/\/kantorjanosi.reformatus.hu\/gyulekezet\/meszaros-janos-elek-koncert\/","title":{"rendered":"M\u00e9sz\u00e1ros J\u00e1nos Elek koncert"},"content":{"rendered":"\n<p>M\u00e9sz\u00e1ros J\u00e1nos Elek m\u0171v\u00e9sz \u00dar hangja gy\u00f6ny\u00f6rk\u00f6dtetett minket 2013. m\u00e1jus 5-\u00e9n a K\u00e1ntorj\u00e1nosi Reform\u00e1tus Templomban.<\/p>\n\n\n\n<figure class=\"wp-block-image\"><img decoding=\"async\" src=\"https:\/\/honlap.parokia.hu\/data\/gallery\/3336\/pic_dsc02598-masolata.jpg\" alt=\"\"\/><\/figure>\n\n\n\n<p>A K\u00e1ntorj\u00e1nosi Reform\u00e1tus Egyh\u00e1zk\u00f6zs\u00e9gben 2013. m\u00e1jus 5-\u00e9n, este 18 \u00f3rakor vette kezdet\u00e9t az a j\u00f3t\u00e9konys\u00e1gi koncert, amelynek megh\u00edvott el\u0151ad\u00f3m\u0171v\u00e9sze M\u00e9sz\u00e1ros J\u00e1nos Elek volt. P\u00e1r h\u00e9ttel ezel\u0151tt egy lelkes csapat a K\u00e1ntorj\u00e1nosi szomsz\u00e9ds\u00e1g\u00e1ban l\u00e9v\u0151 telep\u00fcl\u00e9s\u00e9ken plak\u00e1tokkal igyekezett h\u00edrt adni a rendezv\u00e9nyr\u0151l. Sz\u00e1rnyra kelt az akkor m\u00e9g csup\u00e1n \u00e1lom, ami mostanra val\u00f3s\u00e1gg\u00e1 lett. A 2012. \u00e9vi Csillag sz\u00fcletik tehets\u00e9gkutat\u00f3 verseny gy\u0151ztese elfogadta az Egyh\u00e1zk\u00f6zs\u00e9g megh\u00edv\u00e1s\u00e1t \u00e9s 2 \u00e9s f\u00e9l \u00f3r\u00e1s rendezv\u00e9ny keret\u00e9ben gy\u00f6ny\u00f6rk\u00f6dtette el hangj\u00e1val az egybegy\u0171lteket. A nyit\u00f3 \u00e1h\u00edtaton Dr. G\u00e1l S\u00e1ndor, a Ny\u00edrs\u00e9gi Reform\u00e1tus Egyh\u00e1zmegye Esperese szolg\u00e1lt a 67. zsolt\u00e1r alapj\u00e1n. Az egyh\u00e1zmegye f\u00e9rfik\u00f3rusa csod\u00e1latos \u00e9nekeivel j\u00f3 r\u00e1hangol\u00f3d\u00e1st adott az el\u0151ad\u00f3 m\u0171sor\u00e1ra. M\u00e9sz\u00e1ros J\u00e1nos Elek m\u0171sora 2 r\u00e9szb\u0151l \u00e1llt: az els\u0151 blokkban zsolt\u00e1rokat, dics\u00e9reteket \u00e9s hallelujah \u00e9nekeket \u00e9nekelt, a m\u00e1sodik r\u00e9szben pedig a tehets\u00e9gkutat\u00f3 versenyen is elhangzott \u00e9neksz\u00e1mokkal szolg\u00e1lt. A k\u00e9t r\u00e9sz k\u00f6z\u00f6tt Szerencsi Imre ny\u00edrbog\u00e1ti lelkip\u00e1sztor j\u00e1tszott trombit\u00e1n, s lelk\u00e9sz\u00fcnk elmondta a templom r\u00f6vid t\u00f6rt\u00e9net\u00e9t. A Himnusz el\u00e9nekl\u00e9se el\u0151tt mintegy k\u00fcldet\u00e9studatunk meger\u0151s\u00edt\u00e9sek\u00e9nt Laskai G\u00e1born\u00e9, a K\u00e1ntorj\u00e1nosi \u00c1ltal\u00e1nos Iskola igazgat\u00f3n\u0151je szavalta Rem\u00e9nyik S\u00e1ndor: Templom \u00e9s iskola c. vers\u00e9t. Akik ott voltunk &#8211; 430-an &#8211; r\u00e9szesei lehett\u00fcnk annak a csod\u00e1nak, amit az el\u0151ad\u00f3t\u00f3l hallottunk: A templom akkor igaz\u00e1n sz\u00e9p, ha tele van, ha sokan vannak az Isten h\u00e1z\u00e1ban. Rossz \u00e1llapot\u00fa, omladoz\u00f3 falu templomunk gy\u00f6ny\u00f6r\u0171v\u00e9 lett szem\u00fcnkben, mert a L\u00e9lek munk\u00e1lkodott k\u00f6z\u00f6tt\u00fcnk, benn\u00fcnk. \u201eSoli Deo Gloria!&#8221;<br><br>Nagy munka v\u00e1r r\u00e1nk: templomunk fel\u00faj\u00edt\u00e1sa, amihez sok mindenre van sz\u00fcks\u00e9g. &#8211; Isten jelenl\u00e9t\u00e9re, sok im\u00e1ds\u00e1gra, hitre, er\u0151re, munkat\u00e1rsakra, sok p\u00e9nzre.<br><br>A felsoroltak k\u00f6z\u00fcl, van amiben nincs hi\u00e1ny, de ha a sor v\u00e9g\u00e9re tekintek, akkor l\u00e1tom: hossz\u00fa \u00fat el\u0151tt \u00e1llunk.<br><br>\u201eDe akik az \u00darban b\u00edznak, erej\u00fck meg\u00fajul, sz\u00e1rnyra kelnek, mint a saskesely\u0171k, futnak \u00e9s nem lankadnak meg, j\u00e1rnak \u00e9s nem f\u00e1radnak el!&#8221; (\u00c9zs. 40, 31)<\/p>\n\n\n\n<p><br>K\u00e1ntorj\u00e1nosi, 2013. m\u00e1jus 6. Moln\u00e1r L\u00e1szl\u00f3 presbiter<\/p>\n","protected":false},"excerpt":{"rendered":"<p>M\u00e9sz\u00e1ros J\u00e1nos Elek m\u0171v\u00e9sz \u00dar hangja gy\u00f6ny\u00f6rk\u00f6dtetett minket 2013. m\u00e1jus 5-\u00e9n a K\u00e1ntorj\u00e1nosi Reform\u00e1tus Templomban. A K\u00e1ntorj\u00e1nosi Reform\u00e1tus Egyh\u00e1zk\u00f6zs\u00e9gben 2013. m\u00e1jus 5-\u00e9n, este 18 \u00f3rakor vette kezdet\u00e9t az a j\u00f3t\u00e9konys\u00e1gi koncert, amelynek megh\u00edvott el\u0151ad\u00f3m\u0171v\u00e9sze M\u00e9sz\u00e1ros J\u00e1nos Elek volt. P\u00e1r h\u00e9ttel [&hellip;]<\/p>\n","protected":false},"author":1,"featured_media":0,"parent":0,"menu_order":0,"comment_status":"closed","ping_status":"closed","template":"","meta":{"footnotes":""},"_links":{"self":[{"href":"https:\/\/kantorjanosi.reformatus.hu\/gyulekezet\/wp-json\/wp\/v2\/pages\/115"}],"collection":[{"href":"https:\/\/kantorjanosi.reformatus.hu\/gyulekezet\/wp-json\/wp\/v2\/pages"}],"about":[{"href":"https:\/\/kantorjanosi.reformatus.hu\/gyulekezet\/wp-json\/wp\/v2\/types\/page"}],"author":[{"embeddable":true,"href":"https:\/\/kantorjanosi.reformatus.hu\/gyulekezet\/wp-json\/wp\/v2\/users\/1"}],"replies":[{"embeddable":true,"href":"https:\/\/kantorjanosi.reformatus.hu\/gyulekezet\/wp-json\/wp\/v2\/comments?post=115"}],"version-history":[{"count":1,"href":"https:\/\/kantorjanosi.reformatus.hu\/gyulekezet\/wp-json\/wp\/v2\/pages\/115\/revisions"}],"predecessor-version":[{"id":116,"href":"https:\/\/kantorjanosi.reformatus.hu\/gyulekezet\/wp-json\/wp\/v2\/pages\/115\/revisions\/116"}],"wp:attachment":[{"href":"https:\/\/kantorjanosi.reformatus.hu\/gyulekezet\/wp-json\/wp\/v2\/media?parent=115"}],"curies":[{"name":"wp","href":"https:\/\/api.w.org\/{rel}","templated":true}]}}