{"id":108,"date":"2019-11-25T22:38:50","date_gmt":"2019-11-25T22:38:50","guid":{"rendered":"https:\/\/kantorjanosi.reformatus.hu\/gyulekezet\/?page_id=108"},"modified":"2021-01-25T10:22:11","modified_gmt":"2021-01-25T10:22:11","slug":"presbiterek","status":"publish","type":"page","link":"https:\/\/kantorjanosi.reformatus.hu\/gyulekezet\/presbiterek\/","title":{"rendered":"Presbiterek"},"content":{"rendered":"\n<figure class=\"wp-block-gallery columns-1 is-cropped wp-block-gallery-1 is-layout-flex wp-block-gallery-is-layout-flex\"><ul class=\"blocks-gallery-grid\"><li class=\"blocks-gallery-item\"><figure><a href=\"https:\/\/kantorjanosi.reformatus.hu\/gyulekezet\/wp-content\/uploads\/sites\/3\/2021\/01\/sz\u00edn1.jpg\" data-lbwps-width=\"800\" data-lbwps-height=\"477\" data-lbwps-srcsmall=\"https:\/\/kantorjanosi.reformatus.hu\/gyulekezet\/wp-content\/uploads\/sites\/3\/2021\/01\/sz\u00edn1-300x179.jpg\" data-lbwps-caption=\"Egykori presbit\u00e9rium\"><img loading=\"lazy\" decoding=\"async\" width=\"800\" height=\"477\" src=\"https:\/\/kantorjanosi.reformatus.hu\/gyulekezet\/wp-content\/uploads\/sites\/3\/2021\/01\/sz\u00edn1.jpg\" alt=\"\" data-id=\"580\" data-full-url=\"https:\/\/kantorjanosi.reformatus.hu\/gyulekezet\/wp-content\/uploads\/sites\/3\/2021\/01\/sz\u00edn1.jpg\" data-link=\"https:\/\/kantorjanosi.reformatus.hu\/gyulekezet\/presbiterek\/szin1\/\" class=\"wp-image-580\" srcset=\"https:\/\/kantorjanosi.reformatus.hu\/gyulekezet\/wp-content\/uploads\/sites\/3\/2021\/01\/sz\u00edn1.jpg 800w, https:\/\/kantorjanosi.reformatus.hu\/gyulekezet\/wp-content\/uploads\/sites\/3\/2021\/01\/sz\u00edn1-300x179.jpg 300w, https:\/\/kantorjanosi.reformatus.hu\/gyulekezet\/wp-content\/uploads\/sites\/3\/2021\/01\/sz\u00edn1-768x458.jpg 768w\" sizes=\"(max-width: 800px) 100vw, 800px\" \/><\/a><figcaption class=\"blocks-gallery-item__caption\">Egykori presbit\u00e9rium<\/figcaption><\/figure><\/li><\/ul><\/figure>\n\n\n\n<p><strong>Legfels\u0151 sor:<\/strong><br>Mennyh\u00e1rt J\u00e1nos<br>Nyitrai K\u00e1roly<br>L\u0151rincz S\u00e1ndor<br>G\u00e1l Elek<br>N\u00e9meth S\u00e1ndor<br>Koml\u00f3sy J\u00f3zsef<br>Kasz\u00e1s Andr\u00e1s<br>Mennyh\u00e1rt G\u00e1bor<br>Besennyei P\u00e1l<br>Balogh Ferenc<br>Szov\u00e1ti Lajos<br>Becsei Istv\u00e1n<\/p>\n\n\n\n<p><strong>M\u00e1sodik sor:<\/strong><br>Mennyh\u00e1rt K\u00e1roly<br>Dobos J\u00f3zsef<br>Kov\u00e1cs Guszt\u00e1v<br>Elek Imre<br>Dobos L\u00e1szl\u00f3<br>Mennyh\u00e1rt P\u00e1l<br>Kov\u00e1cs P\u00e1l<br>G\u00e1l Mennyh\u00e9rt<br>Szil\u00e1gyi Ferenc<br>Sarka Istv\u00e1n<br>Szil\u00e1gyi Gy\u00f6rgy<br>B\u00f6sz\u00f6rm\u00e9nyi P\u00e1l<\/p>\n\n\n\n<p><strong>Els\u0151 sor:<\/strong><br>Moln\u00e1r Mikl\u00f3s<br>Dobos J\u00f3zsef<br>F\u00f6ldv\u00e1ri Imre k\u00e1ntor<br>Balogh Zsigmond<br>Bacskay L\u00e1szl\u00f3 lelk\u00e9sz<br>Czine Zsigmond<br>Kov\u00e1cs K\u00e1lm\u00e1n<br>B\u00f6sz\u00f6rm\u00e9nyi J\u00e1nos<br>Dobos Istv\u00e1n<br>Besennyei Mikl\u00f3s<br>Ga\u00e1l Bertalan<\/p>\n","protected":false},"excerpt":{"rendered":"<p>Legfels\u0151 sor:Mennyh\u00e1rt J\u00e1nosNyitrai K\u00e1rolyL\u0151rincz S\u00e1ndorG\u00e1l ElekN\u00e9meth S\u00e1ndorKoml\u00f3sy J\u00f3zsefKasz\u00e1s Andr\u00e1sMennyh\u00e1rt G\u00e1borBesennyei P\u00e1lBalogh FerencSzov\u00e1ti LajosBecsei Istv\u00e1n M\u00e1sodik sor:Mennyh\u00e1rt K\u00e1rolyDobos J\u00f3zsefKov\u00e1cs Guszt\u00e1vElek ImreDobos L\u00e1szl\u00f3Mennyh\u00e1rt P\u00e1lKov\u00e1cs P\u00e1lG\u00e1l Mennyh\u00e9rtSzil\u00e1gyi FerencSarka Istv\u00e1nSzil\u00e1gyi Gy\u00f6rgyB\u00f6sz\u00f6rm\u00e9nyi P\u00e1l Els\u0151 sor:Moln\u00e1r Mikl\u00f3sDobos J\u00f3zsefF\u00f6ldv\u00e1ri Imre k\u00e1ntorBalogh ZsigmondBacskay L\u00e1szl\u00f3 lelk\u00e9szCzine ZsigmondKov\u00e1cs K\u00e1lm\u00e1nB\u00f6sz\u00f6rm\u00e9nyi J\u00e1nosDobos [&hellip;]<\/p>\n","protected":false},"author":1,"featured_media":0,"parent":0,"menu_order":0,"comment_status":"closed","ping_status":"closed","template":"","meta":{"footnotes":""},"_links":{"self":[{"href":"https:\/\/kantorjanosi.reformatus.hu\/gyulekezet\/wp-json\/wp\/v2\/pages\/108"}],"collection":[{"href":"https:\/\/kantorjanosi.reformatus.hu\/gyulekezet\/wp-json\/wp\/v2\/pages"}],"about":[{"href":"https:\/\/kantorjanosi.reformatus.hu\/gyulekezet\/wp-json\/wp\/v2\/types\/page"}],"author":[{"embeddable":true,"href":"https:\/\/kantorjanosi.reformatus.hu\/gyulekezet\/wp-json\/wp\/v2\/users\/1"}],"replies":[{"embeddable":true,"href":"https:\/\/kantorjanosi.reformatus.hu\/gyulekezet\/wp-json\/wp\/v2\/comments?post=108"}],"version-history":[{"count":3,"href":"https:\/\/kantorjanosi.reformatus.hu\/gyulekezet\/wp-json\/wp\/v2\/pages\/108\/revisions"}],"predecessor-version":[{"id":582,"href":"https:\/\/kantorjanosi.reformatus.hu\/gyulekezet\/wp-json\/wp\/v2\/pages\/108\/revisions\/582"}],"wp:attachment":[{"href":"https:\/\/kantorjanosi.reformatus.hu\/gyulekezet\/wp-json\/wp\/v2\/media?parent=108"}],"curies":[{"name":"wp","href":"https:\/\/api.w.org\/{rel}","templated":true}]}}