{"id":104,"date":"2019-11-25T22:34:23","date_gmt":"2019-11-25T22:34:23","guid":{"rendered":"https:\/\/kantorjanosi.reformatus.hu\/gyulekezet\/?page_id=104"},"modified":"2019-11-25T22:34:23","modified_gmt":"2019-11-25T22:34:23","slug":"egyhazfik-harangozok","status":"publish","type":"page","link":"https:\/\/kantorjanosi.reformatus.hu\/gyulekezet\/egyhazfik-harangozok\/","title":{"rendered":"Egyh\u00e1zfik, harangoz\u00f3k"},"content":{"rendered":"\n<p>Kom\u00e1romi Istv\u00e1n (1646)<br>Koncz J\u00e1nos 1793<br>Budah\u00e1zi Istv\u00e1n 1794<br>Koml\u00f3si J\u00e1nos 1795<br>Nagy Mih\u00e1ly (1786)<br>K. V\u00e1radi J\u00e1nos 1808\u20131853<br>V\u00e1radi L\u00e1szl\u00f3 1853<br>Czine Ign\u00e1czn\u00e9 1897 &#8211; 1927<br>Botos Istv\u00e1n 1927 \u2013 1949<br>Fekete J\u00f3zsef \u20131950<br> J\u00f3ni J\u00f3zsef majd J\u00f3ni J\u00f3zsefn\u00e9 1980\u20132013<\/p>\n\n\n\n<p><strong>Simon Ferencn\u00e9 2013-<\/strong><\/p>\n","protected":false},"excerpt":{"rendered":"<p>Kom\u00e1romi Istv\u00e1n (1646)Koncz J\u00e1nos 1793Budah\u00e1zi Istv\u00e1n 1794Koml\u00f3si J\u00e1nos 1795Nagy Mih\u00e1ly (1786)K. V\u00e1radi J\u00e1nos 1808\u20131853V\u00e1radi L\u00e1szl\u00f3 1853Czine Ign\u00e1czn\u00e9 1897 &#8211; 1927Botos Istv\u00e1n 1927 \u2013 1949Fekete J\u00f3zsef \u20131950 J\u00f3ni J\u00f3zsef majd J\u00f3ni J\u00f3zsefn\u00e9 1980\u20132013 Simon Ferencn\u00e9 2013-<\/p>\n","protected":false},"author":1,"featured_media":0,"parent":0,"menu_order":0,"comment_status":"closed","ping_status":"closed","template":"","meta":{"footnotes":""},"_links":{"self":[{"href":"https:\/\/kantorjanosi.reformatus.hu\/gyulekezet\/wp-json\/wp\/v2\/pages\/104"}],"collection":[{"href":"https:\/\/kantorjanosi.reformatus.hu\/gyulekezet\/wp-json\/wp\/v2\/pages"}],"about":[{"href":"https:\/\/kantorjanosi.reformatus.hu\/gyulekezet\/wp-json\/wp\/v2\/types\/page"}],"author":[{"embeddable":true,"href":"https:\/\/kantorjanosi.reformatus.hu\/gyulekezet\/wp-json\/wp\/v2\/users\/1"}],"replies":[{"embeddable":true,"href":"https:\/\/kantorjanosi.reformatus.hu\/gyulekezet\/wp-json\/wp\/v2\/comments?post=104"}],"version-history":[{"count":1,"href":"https:\/\/kantorjanosi.reformatus.hu\/gyulekezet\/wp-json\/wp\/v2\/pages\/104\/revisions"}],"predecessor-version":[{"id":105,"href":"https:\/\/kantorjanosi.reformatus.hu\/gyulekezet\/wp-json\/wp\/v2\/pages\/104\/revisions\/105"}],"wp:attachment":[{"href":"https:\/\/kantorjanosi.reformatus.hu\/gyulekezet\/wp-json\/wp\/v2\/media?parent=104"}],"curies":[{"name":"wp","href":"https:\/\/api.w.org\/{rel}","templated":true}]}}