{"id":102,"date":"2019-11-25T22:33:28","date_gmt":"2019-11-25T22:33:28","guid":{"rendered":"https:\/\/kantorjanosi.reformatus.hu\/gyulekezet\/?page_id=102"},"modified":"2019-11-25T22:33:28","modified_gmt":"2019-11-25T22:33:28","slug":"kantoraink","status":"publish","type":"page","link":"https:\/\/kantorjanosi.reformatus.hu\/gyulekezet\/kantoraink\/","title":{"rendered":"K\u00e1ntoraink"},"content":{"rendered":"\n<p>\n\nVarga Istv\u00e1n 1890 &#8211; 1903. \u00e1prilis 1.<br>Gavall\u00e9r K\u00e1roly<br>Heged\u0171s Mih\u00e1ly<br>Bik\u00f3czky J\u00e1nos<br>Szecs\u0151di G\u00e1bor<br>Kocs\u00e1r Elek<br>Varga Istv\u00e1n<br>Barna Istv\u00e1n<br>Sz\u0151ke J\u00f3zsef<br>K\u00f6nny\u0171 J\u00f3zsef<br>Moh\u00e1csi G\u00e1bor<br>Cs\u00e1szy Mih\u00e1ly<br>Jeszenszky Gy\u00f6rgy<br>Havas Istv\u00e1n<br>Fekete P\u00e1l<br>Csuja Imre<br>Bodola \u00d6d\u00f6n<br>T\u00f3th B\u00e9la<\/p>\n\n\n\n<p>F\u00f6ldv\u00e1ri Imre 1951 &#8211; 2012<\/p>\n\n\n\n<p>Csonka J\u00f3zsef 2012 &#8211;\n\n<\/p>\n","protected":false},"excerpt":{"rendered":"<p>Varga Istv\u00e1n 1890 &#8211; 1903. \u00e1prilis 1.Gavall\u00e9r K\u00e1rolyHeged\u0171s Mih\u00e1lyBik\u00f3czky J\u00e1nosSzecs\u0151di G\u00e1borKocs\u00e1r ElekVarga Istv\u00e1nBarna Istv\u00e1nSz\u0151ke J\u00f3zsefK\u00f6nny\u0171 J\u00f3zsefMoh\u00e1csi G\u00e1borCs\u00e1szy Mih\u00e1lyJeszenszky Gy\u00f6rgyHavas Istv\u00e1nFekete P\u00e1lCsuja ImreBodola \u00d6d\u00f6nT\u00f3th B\u00e9la F\u00f6ldv\u00e1ri Imre 1951 &#8211; 2012 Csonka J\u00f3zsef 2012 &#8211;<\/p>\n","protected":false},"author":1,"featured_media":0,"parent":0,"menu_order":0,"comment_status":"closed","ping_status":"closed","template":"","meta":{"footnotes":""},"_links":{"self":[{"href":"https:\/\/kantorjanosi.reformatus.hu\/gyulekezet\/wp-json\/wp\/v2\/pages\/102"}],"collection":[{"href":"https:\/\/kantorjanosi.reformatus.hu\/gyulekezet\/wp-json\/wp\/v2\/pages"}],"about":[{"href":"https:\/\/kantorjanosi.reformatus.hu\/gyulekezet\/wp-json\/wp\/v2\/types\/page"}],"author":[{"embeddable":true,"href":"https:\/\/kantorjanosi.reformatus.hu\/gyulekezet\/wp-json\/wp\/v2\/users\/1"}],"replies":[{"embeddable":true,"href":"https:\/\/kantorjanosi.reformatus.hu\/gyulekezet\/wp-json\/wp\/v2\/comments?post=102"}],"version-history":[{"count":1,"href":"https:\/\/kantorjanosi.reformatus.hu\/gyulekezet\/wp-json\/wp\/v2\/pages\/102\/revisions"}],"predecessor-version":[{"id":103,"href":"https:\/\/kantorjanosi.reformatus.hu\/gyulekezet\/wp-json\/wp\/v2\/pages\/102\/revisions\/103"}],"wp:attachment":[{"href":"https:\/\/kantorjanosi.reformatus.hu\/gyulekezet\/wp-json\/wp\/v2\/media?parent=102"}],"curies":[{"name":"wp","href":"https:\/\/api.w.org\/{rel}","templated":true}]}}